{"id":10494,"date":"2024-06-14T15:58:19","date_gmt":"2024-06-14T13:58:19","guid":{"rendered":"https:\/\/virtualofficetilburg.nl\/jahrliche-indexierung\/"},"modified":"2025-06-19T16:05:49","modified_gmt":"2025-06-19T14:05:49","slug":"jahrliche-indexierung","status":"publish","type":"page","link":"https:\/\/virtualofficetilburg.nl\/de\/jahrliche-indexierung\/","title":{"rendered":"J\u00e4hrliche Indexierung"},"content":{"rendered":"<div  class='flex_column av-141tngf-9cd6a1362e09e5bd7e53a1c05a9de1fa av_one_half  avia-builder-el-0  el_before_av_one_half  avia-builder-el-first  first flex_column_div  '     ><p>\n<style type=\"text\/css\" data-created_by=\"avia_inline_auto\" id=\"style-css-av-ljy4oii6-b298f0b15b23724e8cd060a5ba4ce182\">\n#top .av-special-heading.av-ljy4oii6-b298f0b15b23724e8cd060a5ba4ce182{\npadding-bottom:10px;\n}\nbody .av-special-heading.av-ljy4oii6-b298f0b15b23724e8cd060a5ba4ce182 .av-special-heading-tag .heading-char{\nfont-size:25px;\n}\n.av-special-heading.av-ljy4oii6-b298f0b15b23724e8cd060a5ba4ce182 .av-subheading{\nfont-size:15px;\n}\n<\/style>\n<div  class='av-special-heading av-ljy4oii6-b298f0b15b23724e8cd060a5ba4ce182 av-special-heading-h2 custom-color-heading blockquote modern-quote  avia-builder-el-1  el_before_av_button  avia-builder-el-first '><h2 class='av-special-heading-tag '  itemprop=\"headline\"  >J\u00e4hrliche Indexierung<\/h2><div class='av-subheading av-subheading_below'><p>Wir passen unsere Preise jedes Jahr zu einem bestimmten Zeitpunkt an.<\/p>\n<\/div><div class=\"special-heading-border\"><div class=\"special-heading-inner-border\"><\/div><\/div><\/div><br \/>\n<div  class='avia-button-wrap av-ljy4qioa-b8a40338e3cc608766aad7f5f3aab7a1-wrap avia-button-left  avia-builder-el-2  el_after_av_heading  el_before_av_hr '>\n<style type=\"text\/css\" data-created_by=\"avia_inline_auto\" id=\"style-css-av-ljy4qioa-b8a40338e3cc608766aad7f5f3aab7a1\">\n#top #wrap_all .avia-button.av-ljy4qioa-b8a40338e3cc608766aad7f5f3aab7a1{\nbackground-color:#f1843f;\nborder-color:#f1843f;\ncolor:#ffffff;\ntransition:all 0.4s ease-in-out;\n}\n#top #wrap_all .avia-button.av-ljy4qioa-b8a40338e3cc608766aad7f5f3aab7a1 .avia-svg-icon svg:first-child{\nfill:#ffffff;\nstroke:#ffffff;\n}\n<\/style>\n<a href='\/direct-een-professioneel-kantoor-huren\/'  class='avia-button av-ljy4qioa-b8a40338e3cc608766aad7f5f3aab7a1 av-link-btn avia-icon_select-no avia-size-x-large avia-position-left'   aria-label=\"Vereinbaren Sie Ihr virtuelles B\u00fcro direkt\"><span class='avia_iconbox_title' >Vereinbaren Sie Ihr virtuelles B\u00fcro direkt<\/span><\/a><\/div><br \/>\n\n<style type=\"text\/css\" data-created_by=\"avia_inline_auto\" id=\"style-css-av-ljy4qrou-66b9707fbdc7f8e8296445e98600dfe0\">\n#top .hr.hr-invisible.av-ljy4qrou-66b9707fbdc7f8e8296445e98600dfe0{\nheight:50px;\n}\n<\/style>\n<div  class='hr av-ljy4qrou-66b9707fbdc7f8e8296445e98600dfe0 hr-invisible  avia-builder-el-3  el_after_av_button  el_before_av_image '><span class='hr-inner '><span class=\"hr-inner-style\"><\/span><\/span><\/div><br \/>\n\n<style type=\"text\/css\" data-created_by=\"avia_inline_auto\" id=\"style-css-av-ljy4rpjs-2371f47e351b0bfff4427f82878f1889\">\n.avia-image-container.av-ljy4rpjs-2371f47e351b0bfff4427f82878f1889 img.avia_image{\nbox-shadow:none;\n}\n.avia-image-container.av-ljy4rpjs-2371f47e351b0bfff4427f82878f1889 .av-image-caption-overlay-center{\ncolor:#ffffff;\n}\n<\/style>\n<div  class='avia-image-container av-ljy4rpjs-2371f47e351b0bfff4427f82878f1889 av-styling- avia-align-center  avia-builder-el-4  el_after_av_hr  avia-builder-el-last '   itemprop=\"image\" itemscope=\"itemscope\" itemtype=\"https:\/\/schema.org\/ImageObject\" ><div class=\"avia-image-container-inner\"><div class=\"avia-image-overlay-wrap\"><img decoding=\"async\" fetchpriority=\"high\" class='wp-image-10495 avia-img-lazy-loading-not-10495 avia_image ' src=\"https:\/\/virtualofficetilburg.nl\/wp-content\/uploads\/2023\/07\/Jaarlijkse-prijsindexatie.webp\" alt='' title='Jaarlijkse prijsindexatie'  height=\"366\" width=\"640\"  itemprop=\"thumbnailUrl\" srcset=\"https:\/\/virtualofficetilburg.nl\/wp-content\/uploads\/2023\/07\/Jaarlijkse-prijsindexatie.webp 640w, https:\/\/virtualofficetilburg.nl\/wp-content\/uploads\/2023\/07\/Jaarlijkse-prijsindexatie-300x172.webp 300w, https:\/\/virtualofficetilburg.nl\/wp-content\/uploads\/2023\/07\/Jaarlijkse-prijsindexatie-450x257.webp 450w, https:\/\/virtualofficetilburg.nl\/wp-content\/uploads\/2023\/07\/Jaarlijkse-prijsindexatie-600x343.webp 600w\" sizes=\"(max-width: 640px) 100vw, 640px\" \/><\/div><\/div><\/div><\/p><\/div><div  class='flex_column av-l0ffun-613fc90dee6c4ee0978421f950ece9a8 av_one_half  avia-builder-el-5  el_after_av_one_half  avia-builder-el-last  flex_column_div  '     ><section  class='av_textblock_section av-ljy4p1l8-5e35599d8215667ac8e25cbe7704d69d '   itemscope=\"itemscope\" itemtype=\"https:\/\/schema.org\/CreativeWork\" ><div class='avia_textblock'  itemprop=\"text\" ><p>Die Miete wird j\u00e4hrlich am 1. Juli auf der Grundlage der Ver\u00e4nderung des monatlichen Preisindexes gem\u00e4\u00df der vom niederl\u00e4ndischen Statistikamt (CBS) ver\u00f6ffentlichten Verbraucherpreisindexreihe f\u00fcr alle Haushalte (2015=100) indexiert.<\/p>\n<p>Die ge\u00e4nderte Miete wird nach folgender Formel berechnet: Die ge\u00e4nderte Miete ist gleich der aktuellen Miete am \u00c4nderungsdatum, multipliziert mit der Indexzahl des Kalendermonats, der vier Kalendermonate vor dem Kalendermonat liegt, in dem die Miete ge\u00e4ndert wird, geteilt durch die Indexzahl des Kalendermonats, der sechzehn Kalendermonate vor dem Kalendermonat liegt, in dem die Miete ge\u00e4ndert wird.<\/p>\n<\/div><\/section><\/div><\/p>\n","protected":false},"excerpt":{"rendered":"","protected":false},"author":354,"featured_media":0,"parent":0,"menu_order":0,"comment_status":"closed","ping_status":"closed","template":"","meta":{"footnotes":""},"class_list":["post-10494","page","type-page","status-publish","hentry"],"yoast_head":"<!-- This site is optimized with the Yoast SEO plugin v27.4 - https:\/\/yoast.com\/product\/yoast-seo-wordpress\/ -->\n<title>J\u00e4hrliche Indexierung - Virtual Office Tilburg<\/title>\n<meta name=\"description\" content=\"J\u00e4hrliche Indexierung: Wir passen unsere Preise jedes Jahr zu einem bestimmten Zeitpunkt an. Also keine \u00dcberraschungen.\" \/>\n<meta name=\"robots\" content=\"index, follow, max-snippet:-1, max-image-preview:large, max-video-preview:-1\" \/>\n<link rel=\"canonical\" href=\"https:\/\/virtualofficetilburg.nl\/de\/jahrliche-indexierung\/\" \/>\n<meta property=\"og:locale\" content=\"de_DE\" \/>\n<meta property=\"og:type\" content=\"article\" \/>\n<meta property=\"og:title\" content=\"J\u00e4hrliche Indexierung - Virtual Office Tilburg\" \/>\n<meta property=\"og:description\" content=\"J\u00e4hrliche Indexierung: Wir passen unsere Preise jedes Jahr zu einem bestimmten Zeitpunkt an. Also keine \u00dcberraschungen.\" \/>\n<meta property=\"og:url\" content=\"https:\/\/virtualofficetilburg.nl\/de\/jahrliche-indexierung\/\" \/>\n<meta property=\"og:site_name\" content=\"Virtual Office Tilburg\" \/>\n<meta property=\"article:modified_time\" content=\"2025-06-19T14:05:49+00:00\" \/>\n<meta name=\"twitter:card\" content=\"summary_large_image\" \/>\n<meta name=\"twitter:site\" content=\"@vo24NL\" \/>\n<meta name=\"twitter:label1\" content=\"Gesch\u00e4tzte Lesezeit\" \/>\n\t<meta name=\"twitter:data1\" content=\"10\u00a0Minuten\" \/>\n<script type=\"application\/ld+json\" class=\"yoast-schema-graph\">{\"@context\":\"https:\\\/\\\/schema.org\",\"@graph\":[{\"@type\":\"WebPage\",\"@id\":\"https:\\\/\\\/virtualofficetilburg.nl\\\/de\\\/jahrliche-indexierung\\\/\",\"url\":\"https:\\\/\\\/virtualofficetilburg.nl\\\/de\\\/jahrliche-indexierung\\\/\",\"name\":\"J\u00e4hrliche Indexierung - Virtual Office Tilburg\",\"isPartOf\":{\"@id\":\"https:\\\/\\\/virtualofficetilburg.nl\\\/de\\\/#website\"},\"datePublished\":\"2024-06-14T13:58:19+00:00\",\"dateModified\":\"2025-06-19T14:05:49+00:00\",\"description\":\"J\u00e4hrliche Indexierung: Wir passen unsere Preise jedes Jahr zu einem bestimmten Zeitpunkt an. Also keine \u00dcberraschungen.\",\"breadcrumb\":{\"@id\":\"https:\\\/\\\/virtualofficetilburg.nl\\\/de\\\/jahrliche-indexierung\\\/#breadcrumb\"},\"inLanguage\":\"de\",\"potentialAction\":[{\"@type\":\"ReadAction\",\"target\":[\"https:\\\/\\\/virtualofficetilburg.nl\\\/de\\\/jahrliche-indexierung\\\/\"]}]},{\"@type\":\"BreadcrumbList\",\"@id\":\"https:\\\/\\\/virtualofficetilburg.nl\\\/de\\\/jahrliche-indexierung\\\/#breadcrumb\",\"itemListElement\":[{\"@type\":\"ListItem\",\"position\":1,\"name\":\"Home\",\"item\":\"https:\\\/\\\/virtualofficetilburg.nl\\\/de\\\/\"},{\"@type\":\"ListItem\",\"position\":2,\"name\":\"J\u00e4hrliche Indexierung\"}]},{\"@type\":\"WebSite\",\"@id\":\"https:\\\/\\\/virtualofficetilburg.nl\\\/de\\\/#website\",\"url\":\"https:\\\/\\\/virtualofficetilburg.nl\\\/de\\\/\",\"name\":\"Virtual Office Duiven\",\"description\":\"Een erkend KvK inschrijfadres op een toplocatie in Nederland! Vanaf slechts &euro; 49,95 per maand! Veel bedrijven gingen u al voor!\",\"publisher\":{\"@id\":\"https:\\\/\\\/virtualofficetilburg.nl\\\/de\\\/#organization\"},\"potentialAction\":[{\"@type\":\"SearchAction\",\"target\":{\"@type\":\"EntryPoint\",\"urlTemplate\":\"https:\\\/\\\/virtualofficetilburg.nl\\\/de\\\/?s={search_term_string}\"},\"query-input\":{\"@type\":\"PropertyValueSpecification\",\"valueRequired\":true,\"valueName\":\"search_term_string\"}}],\"inLanguage\":\"de\"},{\"@type\":\"Organization\",\"@id\":\"https:\\\/\\\/virtualofficetilburg.nl\\\/de\\\/#organization\",\"name\":\"virtualkantoor24\",\"url\":\"https:\\\/\\\/virtualofficetilburg.nl\\\/de\\\/\",\"logo\":{\"@type\":\"ImageObject\",\"inLanguage\":\"de\",\"@id\":\"https:\\\/\\\/virtualofficetilburg.nl\\\/de\\\/#\\\/schema\\\/logo\\\/image\\\/\",\"url\":\"https:\\\/\\\/virtualofficetilburg.nl\\\/wp-content\\\/uploads\\\/2018\\\/10\\\/Logo-vk24-500.png\",\"contentUrl\":\"https:\\\/\\\/virtualofficetilburg.nl\\\/wp-content\\\/uploads\\\/2018\\\/10\\\/Logo-vk24-500.png\",\"width\":1400,\"height\":500,\"caption\":\"virtualkantoor24\"},\"image\":{\"@id\":\"https:\\\/\\\/virtualofficetilburg.nl\\\/de\\\/#\\\/schema\\\/logo\\\/image\\\/\"},\"sameAs\":[\"https:\\\/\\\/x.com\\\/vo24NL\",\"https:\\\/\\\/www.linkedin.com\\\/company\\\/10783740\"]}]}<\/script>\n<!-- \/ Yoast SEO plugin. -->","yoast_head_json":{"title":"J\u00e4hrliche Indexierung - Virtual Office Tilburg","description":"J\u00e4hrliche Indexierung: Wir passen unsere Preise jedes Jahr zu einem bestimmten Zeitpunkt an. Also keine \u00dcberraschungen.","robots":{"index":"index","follow":"follow","max-snippet":"max-snippet:-1","max-image-preview":"max-image-preview:large","max-video-preview":"max-video-preview:-1"},"canonical":"https:\/\/virtualofficetilburg.nl\/de\/jahrliche-indexierung\/","og_locale":"de_DE","og_type":"article","og_title":"J\u00e4hrliche Indexierung - Virtual Office Tilburg","og_description":"J\u00e4hrliche Indexierung: Wir passen unsere Preise jedes Jahr zu einem bestimmten Zeitpunkt an. Also keine \u00dcberraschungen.","og_url":"https:\/\/virtualofficetilburg.nl\/de\/jahrliche-indexierung\/","og_site_name":"Virtual Office Tilburg","article_modified_time":"2025-06-19T14:05:49+00:00","twitter_card":"summary_large_image","twitter_site":"@vo24NL","twitter_misc":{"Gesch\u00e4tzte Lesezeit":"10\u00a0Minuten"},"schema":{"@context":"https:\/\/schema.org","@graph":[{"@type":"WebPage","@id":"https:\/\/virtualofficetilburg.nl\/de\/jahrliche-indexierung\/","url":"https:\/\/virtualofficetilburg.nl\/de\/jahrliche-indexierung\/","name":"J\u00e4hrliche Indexierung - Virtual Office Tilburg","isPartOf":{"@id":"https:\/\/virtualofficetilburg.nl\/de\/#website"},"datePublished":"2024-06-14T13:58:19+00:00","dateModified":"2025-06-19T14:05:49+00:00","description":"J\u00e4hrliche Indexierung: Wir passen unsere Preise jedes Jahr zu einem bestimmten Zeitpunkt an. Also keine \u00dcberraschungen.","breadcrumb":{"@id":"https:\/\/virtualofficetilburg.nl\/de\/jahrliche-indexierung\/#breadcrumb"},"inLanguage":"de","potentialAction":[{"@type":"ReadAction","target":["https:\/\/virtualofficetilburg.nl\/de\/jahrliche-indexierung\/"]}]},{"@type":"BreadcrumbList","@id":"https:\/\/virtualofficetilburg.nl\/de\/jahrliche-indexierung\/#breadcrumb","itemListElement":[{"@type":"ListItem","position":1,"name":"Home","item":"https:\/\/virtualofficetilburg.nl\/de\/"},{"@type":"ListItem","position":2,"name":"J\u00e4hrliche Indexierung"}]},{"@type":"WebSite","@id":"https:\/\/virtualofficetilburg.nl\/de\/#website","url":"https:\/\/virtualofficetilburg.nl\/de\/","name":"Virtual Office Duiven","description":"Een erkend KvK inschrijfadres op een toplocatie in Nederland! Vanaf slechts &euro; 49,95 per maand! Veel bedrijven gingen u al voor!","publisher":{"@id":"https:\/\/virtualofficetilburg.nl\/de\/#organization"},"potentialAction":[{"@type":"SearchAction","target":{"@type":"EntryPoint","urlTemplate":"https:\/\/virtualofficetilburg.nl\/de\/?s={search_term_string}"},"query-input":{"@type":"PropertyValueSpecification","valueRequired":true,"valueName":"search_term_string"}}],"inLanguage":"de"},{"@type":"Organization","@id":"https:\/\/virtualofficetilburg.nl\/de\/#organization","name":"virtualkantoor24","url":"https:\/\/virtualofficetilburg.nl\/de\/","logo":{"@type":"ImageObject","inLanguage":"de","@id":"https:\/\/virtualofficetilburg.nl\/de\/#\/schema\/logo\/image\/","url":"https:\/\/virtualofficetilburg.nl\/wp-content\/uploads\/2018\/10\/Logo-vk24-500.png","contentUrl":"https:\/\/virtualofficetilburg.nl\/wp-content\/uploads\/2018\/10\/Logo-vk24-500.png","width":1400,"height":500,"caption":"virtualkantoor24"},"image":{"@id":"https:\/\/virtualofficetilburg.nl\/de\/#\/schema\/logo\/image\/"},"sameAs":["https:\/\/x.com\/vo24NL","https:\/\/www.linkedin.com\/company\/10783740"]}]}},"_links":{"self":[{"href":"https:\/\/virtualofficetilburg.nl\/de\/wp-json\/wp\/v2\/pages\/10494","targetHints":{"allow":["GET"]}}],"collection":[{"href":"https:\/\/virtualofficetilburg.nl\/de\/wp-json\/wp\/v2\/pages"}],"about":[{"href":"https:\/\/virtualofficetilburg.nl\/de\/wp-json\/wp\/v2\/types\/page"}],"author":[{"embeddable":true,"href":"https:\/\/virtualofficetilburg.nl\/de\/wp-json\/wp\/v2\/users\/354"}],"replies":[{"embeddable":true,"href":"https:\/\/virtualofficetilburg.nl\/de\/wp-json\/wp\/v2\/comments?post=10494"}],"version-history":[{"count":4,"href":"https:\/\/virtualofficetilburg.nl\/de\/wp-json\/wp\/v2\/pages\/10494\/revisions"}],"predecessor-version":[{"id":10822,"href":"https:\/\/virtualofficetilburg.nl\/de\/wp-json\/wp\/v2\/pages\/10494\/revisions\/10822"}],"wp:attachment":[{"href":"https:\/\/virtualofficetilburg.nl\/de\/wp-json\/wp\/v2\/media?parent=10494"}],"curies":[{"name":"wp","href":"https:\/\/api.w.org\/{rel}","templated":true}]}}