{"id":10501,"date":"2024-06-14T16:17:32","date_gmt":"2024-06-14T14:17:32","guid":{"rendered":"https:\/\/virtualofficetilburg.nl\/wie-man-bestellt\/"},"modified":"2025-06-25T15:40:20","modified_gmt":"2025-06-25T13:40:20","slug":"wie-man-bestellt","status":"publish","type":"page","link":"https:\/\/virtualofficetilburg.nl\/de\/wie-man-bestellt\/","title":{"rendered":"wie man bestellt?"},"content":{"rendered":"\n<style type=\"text\/css\" data-created_by=\"avia_inline_auto\" id=\"style-css-av-g4j0m-5b4709c8b3019ea30d55942c9e1de845\">\n.flex_column.av-g4j0m-5b4709c8b3019ea30d55942c9e1de845{\nborder-radius:0px 0px 0px 0px;\npadding:0px 0px 0px 0px;\n}\n<\/style>\n<div  class='flex_column av-g4j0m-5b4709c8b3019ea30d55942c9e1de845 av_one_half  avia-builder-el-0  el_before_av_one_half  avia-builder-el-first  first flex_column_div av-zero-column-padding  '     ><p>\n<style type=\"text\/css\" data-created_by=\"avia_inline_auto\" id=\"style-css-av-33nj12-b2f213765af3ef91b6086566c3add09c\">\n#top .av-special-heading.av-33nj12-b2f213765af3ef91b6086566c3add09c{\npadding-bottom:10px;\n}\nbody .av-special-heading.av-33nj12-b2f213765af3ef91b6086566c3add09c .av-special-heading-tag .heading-char{\nfont-size:25px;\n}\n.av-special-heading.av-33nj12-b2f213765af3ef91b6086566c3add09c .av-subheading{\nfont-size:15px;\n}\n<\/style>\n<div  class='av-special-heading av-33nj12-b2f213765af3ef91b6086566c3add09c av-special-heading-h2 blockquote modern-quote  avia-builder-el-1  el_before_av_button  avia-builder-el-first  av-linked-heading'><h2 class='av-special-heading-tag '  itemprop=\"headline\"  >wie man bestellt?<\/h2><div class=\"special-heading-border\"><div class=\"special-heading-inner-border\"><\/div><\/div><\/div><br \/>\n<div  class='avia-button-wrap av-k5fen76c-765f0f6512da46adaa3a79e92e13b1e6-wrap avia-button-left  avia-builder-el-2  el_after_av_heading  el_before_av_hr '>\n<style type=\"text\/css\" data-created_by=\"avia_inline_auto\" id=\"style-css-av-k5fen76c-765f0f6512da46adaa3a79e92e13b1e6\">\n#top #wrap_all .avia-button.av-k5fen76c-765f0f6512da46adaa3a79e92e13b1e6{\nbackground-color:#f1843f;\nborder-color:#f1843f;\ncolor:#ffffff;\ntransition:all 0.4s ease-in-out;\n}\n#top #wrap_all .avia-button.av-k5fen76c-765f0f6512da46adaa3a79e92e13b1e6 .avia-svg-icon svg:first-child{\nfill:#ffffff;\nstroke:#ffffff;\n}\n<\/style>\n<a href='\/direct-een-professioneel-kantoor-huren\/'  class='avia-button av-k5fen76c-765f0f6512da46adaa3a79e92e13b1e6 av-link-btn avia-icon_select-yes-left-icon avia-size-x-large avia-position-left'   aria-label=\"Vereinbaren Sie Ihr virtuelles B\u00fcro direkt\"><span class='avia_button_icon avia_button_icon_left avia-iconfont avia-font-entypo-fontello' data-av_icon='\ue889' data-av_iconfont='entypo-fontello' ><\/span><span class='avia_iconbox_title' >Vereinbaren Sie Ihr virtuelles B\u00fcro direkt<\/span><\/a><\/div><br \/>\n\n<style type=\"text\/css\" data-created_by=\"avia_inline_auto\" id=\"style-css-av-k5femexs-e991c24d98b556264a98cd730be1405d\">\n#top .hr.hr-invisible.av-k5femexs-e991c24d98b556264a98cd730be1405d{\nheight:100px;\n}\n<\/style>\n<div  class='hr av-k5femexs-e991c24d98b556264a98cd730be1405d hr-invisible  avia-builder-el-3  el_after_av_button  el_before_av_image '><span class='hr-inner '><span class=\"hr-inner-style\"><\/span><\/span><\/div><br \/>\n\n<style type=\"text\/css\" data-created_by=\"avia_inline_auto\" id=\"style-css-av-k5fb9o2e-c81222dc6bfd83ac8493910ad5bdc1a6\">\n.avia-image-container.av-k5fb9o2e-c81222dc6bfd83ac8493910ad5bdc1a6 img.avia_image{\nbox-shadow:none;\n}\n.avia-image-container.av-k5fb9o2e-c81222dc6bfd83ac8493910ad5bdc1a6 .av-image-caption-overlay-center{\ncolor:#ffffff;\n}\n<\/style>\n<div  class='avia-image-container av-k5fb9o2e-c81222dc6bfd83ac8493910ad5bdc1a6 av-styling- avia-align-left  avia-builder-el-4  el_after_av_hr  avia-builder-el-last '   itemprop=\"image\" itemscope=\"itemscope\" itemtype=\"https:\/\/schema.org\/ImageObject\" ><div class=\"avia-image-container-inner\"><div class=\"avia-image-overlay-wrap\"><img decoding=\"async\" fetchpriority=\"high\" class='wp-image-5170 avia-img-lazy-loading-not-5170 avia_image ' src=\"https:\/\/virtualofficetilburg.nl\/wp-content\/uploads\/2020\/01\/formulier-invullen_640-300x177.jpg\" alt='virtualoffice24 - hoe te bestellen' title='Hoe te bestellen'  height=\"177\" width=\"300\"  itemprop=\"thumbnailUrl\" srcset=\"https:\/\/virtualofficetilburg.nl\/wp-content\/uploads\/2020\/01\/formulier-invullen_640-300x177.jpg 300w, https:\/\/virtualofficetilburg.nl\/wp-content\/uploads\/2020\/01\/formulier-invullen_640.jpg 640w, https:\/\/virtualofficetilburg.nl\/wp-content\/uploads\/2020\/01\/formulier-invullen_640-600x353.jpg 600w\" sizes=\"(max-width: 300px) 100vw, 300px\" \/><\/div><\/div><\/div><\/p><\/div>\n\n<style type=\"text\/css\" data-created_by=\"avia_inline_auto\" id=\"style-css-av-232vc6-b06f7f9361c0da2f2f2288fc0e4d62cb\">\n.flex_column.av-232vc6-b06f7f9361c0da2f2f2288fc0e4d62cb{\nborder-radius:0px 0px 0px 0px;\npadding:0px 0px 0px 0px;\n}\n<\/style>\n<div  class='flex_column av-232vc6-b06f7f9361c0da2f2f2288fc0e4d62cb av_one_half  avia-builder-el-5  el_after_av_one_half  el_before_av_hr  flex_column_div av-zero-column-padding  '     ><section  class='av_textblock_section av-k5e1fnlg-a5007f1505af6b513a87773ed92d636d '   itemscope=\"itemscope\" itemtype=\"https:\/\/schema.org\/CreativeWork\" ><div class='avia_textblock'  itemprop=\"text\" ><h3>Schritte zur Einrichtung eines virtuellen B\u00fcros in Tilburg:<\/h3>\n<p>In wenigen Schritten k\u00f6nnen Sie jetzt direkt online eine Filial- und Gesch\u00e4ftsadresse bestellen:<\/p>\n<ul>\n<li>Gehen Sie zu &#8222;W\u00e4hlen Sie Ihr virtuelles B\u00fcro&#8220; und w\u00e4hlen Sie entweder ein &#8222;<a href=\"https:\/\/virtualofficetilburg.nl\/de\/product-categorie\/starterpakete-fur-1-unternehmen\/\">Einzelb\u00fcro<\/a>&#8220; oder ein &#8222;<a href=\"https:\/\/virtualofficetilburg.nl\/de\/product-categorie\/pakete-mit-mehreren-bvs\/\">Firmenb\u00fcro<\/a>&#8222;.<\/li>\n<li>W\u00e4hlen Sie aus dem Angebot das B\u00fcro mit Ihren gew\u00fcnschten Zusatzoptionen aus.<\/li>\n<li>Geben Sie Ihre Unternehmensdaten ein.<\/li>\n<li>Nach der Zahlung erhalten Sie eine E-Mail mit einem Begr\u00fc\u00dfungsschreiben, einem Anmeldeformular und dem Mietvertrag.<\/li>\n<li>Sie f\u00fcllen den Mietvertrag aus, unterschreiben ihn und schicken ihn zusammen mit dem Anmeldeformular, einer Kopie des Personalausweises und einer Kopie des Auszugs aus der Handelskammer (falls zutreffend) an uns zur\u00fcck.<\/li>\n<li>Sie erhalten innerhalb von 24 Stunden einen von uns unterzeichneten Mietvertrag, nach dem Sie Ihr Unternehmen bei der <a href=\"https:\/\/www.kvk.nl\/\">Handelskammer <\/a> (und anderen offiziellen Stellen) anmelden k\u00f6nnen.<\/li>\n<li>Ihr eigenes virtuelles B\u00fcro in Tilburg ist Realit\u00e4t!<\/li>\n<\/ul>\n<p><strong>ACHTUNG!<\/strong><br \/>\nEin virtuelles B\u00fcro ist nur f\u00fcr Unternehmen gedacht. Unter Unternehmen verstehen wir hier: Selbst\u00e4ndige, Personengesellschaften, Gesellschaften mit beschr\u00e4nkter Haftung, Stiftungen, Vereine, Gesellschaften mit beschr\u00e4nkter Haftung und so weiter. Allerdings sind nicht alle Rechtsformen zul\u00e4ssig.<br \/>\nEine <a href=\"http:\/\/kvk.nl\">Handelskammernummer (CoC-Nummer<\/a> ) ist daher erforderlich oder muss beantragt werden, wenn Sie Ihr Unternehmen gr\u00fcnden.<br \/>\nBITTE BEACHTEN SIE: Privatpersonen oder Einzelpersonen ohne CoC-Nummer k\u00f6nnen daher kein virtuelles B\u00fcro bei uns bestellen. Eine registrierung im Melderegister Personen unter dieser Adresse ist daher NICHT zul\u00e4ssig.<\/p>\n<\/div><\/section><\/div><div  class='hr av-26xz1y-3f5f3156131c492ced427ae334dad9ac hr-default  avia-builder-el-7  el_after_av_one_half  avia-builder-el-last '><span class='hr-inner '><span class=\"hr-inner-style\"><\/span><\/span><\/div><\/p>\n","protected":false},"excerpt":{"rendered":"","protected":false},"author":354,"featured_media":0,"parent":0,"menu_order":0,"comment_status":"closed","ping_status":"closed","template":"","meta":{"footnotes":""},"class_list":["post-10501","page","type-page","status-publish","hentry"],"yoast_head":"<!-- This site is optimized with the Yoast SEO plugin v27.4 - https:\/\/yoast.com\/product\/yoast-seo-wordpress\/ -->\n<title>wie man bestellt? - Ein paar Klicks und fertig - Virtual Office Tilburg<\/title>\n<meta name=\"description\" content=\"Um ein virtuelles B\u00fcro in Tilburg zu bestellen, brauchen Sie nur zu klicken, ein Formular auszuf\u00fcllen und eine Zahlung zu leisten.\" \/>\n<meta name=\"robots\" content=\"index, follow, max-snippet:-1, max-image-preview:large, max-video-preview:-1\" \/>\n<link rel=\"canonical\" href=\"https:\/\/virtualofficetilburg.nl\/de\/wie-man-bestellt\/\" \/>\n<meta property=\"og:locale\" content=\"de_DE\" \/>\n<meta property=\"og:type\" content=\"article\" \/>\n<meta property=\"og:title\" content=\"wie man bestellt? - Ein paar Klicks und fertig - Virtual Office Tilburg\" \/>\n<meta property=\"og:description\" content=\"Um ein virtuelles B\u00fcro in Tilburg zu bestellen, brauchen Sie nur zu klicken, ein Formular auszuf\u00fcllen und eine Zahlung zu leisten.\" \/>\n<meta property=\"og:url\" content=\"https:\/\/virtualofficetilburg.nl\/de\/wie-man-bestellt\/\" \/>\n<meta property=\"og:site_name\" content=\"Virtual Office Tilburg\" \/>\n<meta property=\"article:modified_time\" content=\"2025-06-25T13:40:20+00:00\" \/>\n<meta name=\"twitter:card\" content=\"summary_large_image\" \/>\n<meta name=\"twitter:site\" content=\"@vo24NL\" \/>\n<meta name=\"twitter:label1\" content=\"Gesch\u00e4tzte Lesezeit\" \/>\n\t<meta name=\"twitter:data1\" content=\"5\u00a0Minuten\" \/>\n<script type=\"application\/ld+json\" class=\"yoast-schema-graph\">{\"@context\":\"https:\\\/\\\/schema.org\",\"@graph\":[{\"@type\":\"WebPage\",\"@id\":\"https:\\\/\\\/virtualofficetilburg.nl\\\/de\\\/wie-man-bestellt\\\/\",\"url\":\"https:\\\/\\\/virtualofficetilburg.nl\\\/de\\\/wie-man-bestellt\\\/\",\"name\":\"wie man bestellt? - Ein paar Klicks und fertig - Virtual Office Tilburg\",\"isPartOf\":{\"@id\":\"https:\\\/\\\/virtualofficetilburg.nl\\\/de\\\/#website\"},\"datePublished\":\"2024-06-14T14:17:32+00:00\",\"dateModified\":\"2025-06-25T13:40:20+00:00\",\"description\":\"Um ein virtuelles B\u00fcro in Tilburg zu bestellen, brauchen Sie nur zu klicken, ein Formular auszuf\u00fcllen und eine Zahlung zu leisten.\",\"breadcrumb\":{\"@id\":\"https:\\\/\\\/virtualofficetilburg.nl\\\/de\\\/wie-man-bestellt\\\/#breadcrumb\"},\"inLanguage\":\"de\",\"potentialAction\":[{\"@type\":\"ReadAction\",\"target\":[\"https:\\\/\\\/virtualofficetilburg.nl\\\/de\\\/wie-man-bestellt\\\/\"]}]},{\"@type\":\"BreadcrumbList\",\"@id\":\"https:\\\/\\\/virtualofficetilburg.nl\\\/de\\\/wie-man-bestellt\\\/#breadcrumb\",\"itemListElement\":[{\"@type\":\"ListItem\",\"position\":1,\"name\":\"Home\",\"item\":\"https:\\\/\\\/virtualofficetilburg.nl\\\/de\\\/\"},{\"@type\":\"ListItem\",\"position\":2,\"name\":\"wie man bestellt?\"}]},{\"@type\":\"WebSite\",\"@id\":\"https:\\\/\\\/virtualofficetilburg.nl\\\/de\\\/#website\",\"url\":\"https:\\\/\\\/virtualofficetilburg.nl\\\/de\\\/\",\"name\":\"Virtual Office Duiven\",\"description\":\"Een erkend KvK inschrijfadres op een toplocatie in Nederland! Vanaf slechts &euro; 49,95 per maand! Veel bedrijven gingen u al voor!\",\"publisher\":{\"@id\":\"https:\\\/\\\/virtualofficetilburg.nl\\\/de\\\/#organization\"},\"potentialAction\":[{\"@type\":\"SearchAction\",\"target\":{\"@type\":\"EntryPoint\",\"urlTemplate\":\"https:\\\/\\\/virtualofficetilburg.nl\\\/de\\\/?s={search_term_string}\"},\"query-input\":{\"@type\":\"PropertyValueSpecification\",\"valueRequired\":true,\"valueName\":\"search_term_string\"}}],\"inLanguage\":\"de\"},{\"@type\":\"Organization\",\"@id\":\"https:\\\/\\\/virtualofficetilburg.nl\\\/de\\\/#organization\",\"name\":\"virtualkantoor24\",\"url\":\"https:\\\/\\\/virtualofficetilburg.nl\\\/de\\\/\",\"logo\":{\"@type\":\"ImageObject\",\"inLanguage\":\"de\",\"@id\":\"https:\\\/\\\/virtualofficetilburg.nl\\\/de\\\/#\\\/schema\\\/logo\\\/image\\\/\",\"url\":\"https:\\\/\\\/virtualofficetilburg.nl\\\/wp-content\\\/uploads\\\/2018\\\/10\\\/Logo-vk24-500.png\",\"contentUrl\":\"https:\\\/\\\/virtualofficetilburg.nl\\\/wp-content\\\/uploads\\\/2018\\\/10\\\/Logo-vk24-500.png\",\"width\":1400,\"height\":500,\"caption\":\"virtualkantoor24\"},\"image\":{\"@id\":\"https:\\\/\\\/virtualofficetilburg.nl\\\/de\\\/#\\\/schema\\\/logo\\\/image\\\/\"},\"sameAs\":[\"https:\\\/\\\/x.com\\\/vo24NL\",\"https:\\\/\\\/www.linkedin.com\\\/company\\\/10783740\"]}]}<\/script>\n<!-- \/ Yoast SEO plugin. -->","yoast_head_json":{"title":"wie man bestellt? - Ein paar Klicks und fertig - Virtual Office Tilburg","description":"Um ein virtuelles B\u00fcro in Tilburg zu bestellen, brauchen Sie nur zu klicken, ein Formular auszuf\u00fcllen und eine Zahlung zu leisten.","robots":{"index":"index","follow":"follow","max-snippet":"max-snippet:-1","max-image-preview":"max-image-preview:large","max-video-preview":"max-video-preview:-1"},"canonical":"https:\/\/virtualofficetilburg.nl\/de\/wie-man-bestellt\/","og_locale":"de_DE","og_type":"article","og_title":"wie man bestellt? - Ein paar Klicks und fertig - Virtual Office Tilburg","og_description":"Um ein virtuelles B\u00fcro in Tilburg zu bestellen, brauchen Sie nur zu klicken, ein Formular auszuf\u00fcllen und eine Zahlung zu leisten.","og_url":"https:\/\/virtualofficetilburg.nl\/de\/wie-man-bestellt\/","og_site_name":"Virtual Office Tilburg","article_modified_time":"2025-06-25T13:40:20+00:00","twitter_card":"summary_large_image","twitter_site":"@vo24NL","twitter_misc":{"Gesch\u00e4tzte Lesezeit":"5\u00a0Minuten"},"schema":{"@context":"https:\/\/schema.org","@graph":[{"@type":"WebPage","@id":"https:\/\/virtualofficetilburg.nl\/de\/wie-man-bestellt\/","url":"https:\/\/virtualofficetilburg.nl\/de\/wie-man-bestellt\/","name":"wie man bestellt? - Ein paar Klicks und fertig - Virtual Office Tilburg","isPartOf":{"@id":"https:\/\/virtualofficetilburg.nl\/de\/#website"},"datePublished":"2024-06-14T14:17:32+00:00","dateModified":"2025-06-25T13:40:20+00:00","description":"Um ein virtuelles B\u00fcro in Tilburg zu bestellen, brauchen Sie nur zu klicken, ein Formular auszuf\u00fcllen und eine Zahlung zu leisten.","breadcrumb":{"@id":"https:\/\/virtualofficetilburg.nl\/de\/wie-man-bestellt\/#breadcrumb"},"inLanguage":"de","potentialAction":[{"@type":"ReadAction","target":["https:\/\/virtualofficetilburg.nl\/de\/wie-man-bestellt\/"]}]},{"@type":"BreadcrumbList","@id":"https:\/\/virtualofficetilburg.nl\/de\/wie-man-bestellt\/#breadcrumb","itemListElement":[{"@type":"ListItem","position":1,"name":"Home","item":"https:\/\/virtualofficetilburg.nl\/de\/"},{"@type":"ListItem","position":2,"name":"wie man bestellt?"}]},{"@type":"WebSite","@id":"https:\/\/virtualofficetilburg.nl\/de\/#website","url":"https:\/\/virtualofficetilburg.nl\/de\/","name":"Virtual Office Duiven","description":"Een erkend KvK inschrijfadres op een toplocatie in Nederland! Vanaf slechts &euro; 49,95 per maand! Veel bedrijven gingen u al voor!","publisher":{"@id":"https:\/\/virtualofficetilburg.nl\/de\/#organization"},"potentialAction":[{"@type":"SearchAction","target":{"@type":"EntryPoint","urlTemplate":"https:\/\/virtualofficetilburg.nl\/de\/?s={search_term_string}"},"query-input":{"@type":"PropertyValueSpecification","valueRequired":true,"valueName":"search_term_string"}}],"inLanguage":"de"},{"@type":"Organization","@id":"https:\/\/virtualofficetilburg.nl\/de\/#organization","name":"virtualkantoor24","url":"https:\/\/virtualofficetilburg.nl\/de\/","logo":{"@type":"ImageObject","inLanguage":"de","@id":"https:\/\/virtualofficetilburg.nl\/de\/#\/schema\/logo\/image\/","url":"https:\/\/virtualofficetilburg.nl\/wp-content\/uploads\/2018\/10\/Logo-vk24-500.png","contentUrl":"https:\/\/virtualofficetilburg.nl\/wp-content\/uploads\/2018\/10\/Logo-vk24-500.png","width":1400,"height":500,"caption":"virtualkantoor24"},"image":{"@id":"https:\/\/virtualofficetilburg.nl\/de\/#\/schema\/logo\/image\/"},"sameAs":["https:\/\/x.com\/vo24NL","https:\/\/www.linkedin.com\/company\/10783740"]}]}},"_links":{"self":[{"href":"https:\/\/virtualofficetilburg.nl\/de\/wp-json\/wp\/v2\/pages\/10501","targetHints":{"allow":["GET"]}}],"collection":[{"href":"https:\/\/virtualofficetilburg.nl\/de\/wp-json\/wp\/v2\/pages"}],"about":[{"href":"https:\/\/virtualofficetilburg.nl\/de\/wp-json\/wp\/v2\/types\/page"}],"author":[{"embeddable":true,"href":"https:\/\/virtualofficetilburg.nl\/de\/wp-json\/wp\/v2\/users\/354"}],"replies":[{"embeddable":true,"href":"https:\/\/virtualofficetilburg.nl\/de\/wp-json\/wp\/v2\/comments?post=10501"}],"version-history":[{"count":9,"href":"https:\/\/virtualofficetilburg.nl\/de\/wp-json\/wp\/v2\/pages\/10501\/revisions"}],"predecessor-version":[{"id":10916,"href":"https:\/\/virtualofficetilburg.nl\/de\/wp-json\/wp\/v2\/pages\/10501\/revisions\/10916"}],"wp:attachment":[{"href":"https:\/\/virtualofficetilburg.nl\/de\/wp-json\/wp\/v2\/media?parent=10501"}],"curies":[{"name":"wp","href":"https:\/\/api.w.org\/{rel}","templated":true}]}}