{"id":10626,"date":"2024-06-18T12:37:12","date_gmt":"2024-06-18T10:37:12","guid":{"rendered":"https:\/\/virtualofficetilburg.nl\/erklaerung-zum-datenschutz\/"},"modified":"2025-06-19T16:10:51","modified_gmt":"2025-06-19T14:10:51","slug":"erklaerung-zum-datenschutz","status":"publish","type":"page","link":"https:\/\/virtualofficetilburg.nl\/de\/erklaerung-zum-datenschutz\/","title":{"rendered":"Erkl\u00e4rung zum Datenschutz"},"content":{"rendered":"<div id='av_section_1'  class='avia-section av-5pqkmn-4ecef41153ed04675eda69b2ee8eabb2 main_color avia-section-default avia-no-border-styling  avia-builder-el-0  avia-builder-el-no-sibling  avia-bg-style-scroll container_wrap fullsize'  ><div class='container av-section-cont-open' ><main  role=\"main\" itemprop=\"mainContentOfPage\"  class='template-page content  av-content-full alpha units'><div class='post-entry post-entry-type-page post-entry-10626'><div class='entry-content-wrapper clearfix'>\n\n<style type=\"text\/css\" data-created_by=\"avia_inline_auto\" id=\"style-css-av-3wc3tr-7184f059733f3f12118c6e0773f8f0df\">\n.flex_column.av-3wc3tr-7184f059733f3f12118c6e0773f8f0df{\nborder-radius:0px 0px 0px 0px;\npadding:0px 0px 0px 0px;\n}\n<\/style>\n<div  class='flex_column av-3wc3tr-7184f059733f3f12118c6e0773f8f0df av_one_third  avia-builder-el-1  el_before_av_two_third  avia-builder-el-first  first flex_column_div av-zero-column-padding  '     ><style type=\"text\/css\" data-created_by=\"avia_inline_auto\" id=\"style-css-av-273o9b-fb343482e6281f805e8350ad023d354b\">\n#top .av-special-heading.av-273o9b-fb343482e6281f805e8350ad023d354b{\npadding-bottom:10px;\n}\nbody .av-special-heading.av-273o9b-fb343482e6281f805e8350ad023d354b .av-special-heading-tag .heading-char{\nfont-size:25px;\n}\n.av-special-heading.av-273o9b-fb343482e6281f805e8350ad023d354b .av-subheading{\nfont-size:15px;\n}\n<\/style>\n<div  class='av-special-heading av-273o9b-fb343482e6281f805e8350ad023d354b av-special-heading-h3 blockquote modern-quote  avia-builder-el-2  avia-builder-el-no-sibling '><h3 class='av-special-heading-tag '  itemprop=\"headline\"  >Erkl\u00e4rung zum Datenschutz<\/h3><div class=\"special-heading-border\"><div class=\"special-heading-inner-border\"><\/div><\/div><\/div><\/div>\n<style type=\"text\/css\" data-created_by=\"avia_inline_auto\" id=\"style-css-av-2fmtcv-4be5e65b19f2d7c83550b21dae28e6b8\">\n.flex_column.av-2fmtcv-4be5e65b19f2d7c83550b21dae28e6b8{\nborder-radius:0px 0px 0px 0px;\npadding:0px 0px 0px 0px;\n}\n<\/style>\n<div  class='flex_column av-2fmtcv-4be5e65b19f2d7c83550b21dae28e6b8 av_two_third  avia-builder-el-3  el_after_av_one_third  avia-builder-el-last  flex_column_div av-zero-column-padding  '     ><section  class='av_textblock_section av-jneku4xl-a8815aeca7e13fe05aa15bcb8353d988 '   itemscope=\"itemscope\" itemtype=\"https:\/\/schema.org\/CreativeWork\" ><div class='avia_textblock'  itemprop=\"text\" ><p>Dies ist die Datenschutzerkl\u00e4rung von Virtual Office 24, Virtual Office Duiven und Virtual Office Tilburg. In dieser Erkl\u00e4rung legen wir dar, wie wir mit den personenbezogenen Daten umgehen, die wir bei unserem Kontakt mit Ihnen \u00fcber diese Website erhalten. Virtual Office 24, Virtual Office Duiven und Virtual Tilburg halten sich an die Bestimmungen des AVG<a href=\"https:\/\/autoriteitpersoonsgegevens.nl\/nl\/over-privacy\/wetten\">(General Data Protection Regulation)<\/a>.<\/p>\n<p><strong>Erfasste personenbezogene Daten<\/strong><\/p>\n<p>Wir tun unser M\u00f6glichstes, um Ihre Daten zu sch\u00fctzen. Wir ben\u00f6tigen personenbezogene Daten, um unsere Dienstleistungen f\u00fcr Sie zu gew\u00e4hrleisten. Virtual Office 24, Virtual Office Duiven und Virtual Office Tilburg verarbeiten diese personenbezogenen Daten, weil Sie unsere Dienste in Anspruch nehmen und\/oder weil Sie sie uns selbst zur Verf\u00fcgung stellen.  <\/p>\n<p>Virtual Office 24, Virtual Office Duiven und Virtual Office Tilburg verarbeiten Daten f\u00fcr die folgenden Zwecke:<\/p>\n<ul>\n<li>Versenden unserer Newsletter;<\/li>\n<li>Bearbeitung Ihrer Auftr\u00e4ge und Unterrichtung \u00fcber den Stand der Bearbeitung;<\/li>\n<li>Durchf\u00fchrung von Ma\u00dfnahmen zur Verbesserung unserer Dienstleistungen und Bereitstellung von Informationen oder Angeboten.<\/li>\n<\/ul>\n<p><strong>Minderj\u00e4hrige<\/strong><\/p>\n<p>Virtual Office 24, Virtual Office Duiven und Virtual Office Tilburg haben nicht die Absicht, Daten von Personen unter 18 Jahren zu sammeln. Wir bieten daher auch keine Dienste f\u00fcr Minderj\u00e4hrige an. Wir raten Eltern, sich an den Online-Aktivit\u00e4ten ihrer Kinder zu beteiligen, um zu vermeiden, dass Daten \u00fcber Kinder ohne elterliche Zustimmung gesammelt werden. Wenn Sie der \u00dcberzeugung sind, dass wir personenbezogene Daten \u00fcber einen Minderj\u00e4hrigen ohne eine solche Zustimmung gesammelt haben, kontaktieren Sie uns bitte. Wir werden diese Informationen dann l\u00f6schen.    <\/p>\n<p><strong>Sicherheit<\/strong><\/p>\n<p>Bei der \u00dcbertragung von Daten verwenden wir das sogenannte SSL-Sicherheitssystem (Secure Socket Layer) in Verbindung mit einer 128\/256-Bit-Verschl\u00fcsselung. Diese Technologie bietet ein H\u00f6chstma\u00df an Sicherheit und wird daher z.B. auch von Banken f\u00fcr die Datensicherheit beim Online-Banking eingesetzt. Alle von uns angebotenen Zahlungsmethoden sind durch den oben erw\u00e4hnten Standard umfassend gesichert. Die verschl\u00fcsselte \u00dcbertragung Ihrer Daten wird durch das Symbol eines Schl\u00fcssels oder geschlossenen Schlosses in der Statusleiste Ihres Browsers angezeigt.   <\/p>\n<p><strong>Daten zum Besuch der Website<\/strong><\/p>\n<p>Wir erhalten Daten auf der Grundlage Ihres Besuchs auf unserer Website. Beispiele hierf\u00fcr sind Cookies. Wir verwenden diese Daten, um uns ein besseres Bild von unseren Kunden zu machen und um unsere Website weiterzuentwickeln und an Ihre pers\u00f6nlichen Vorlieben anzupassen.  <\/p>\n<p>Auf der Website verwenden wir Google Analytics, um den Betrieb der Website zu analysieren und die Leistung der Verkehrsquellen zu messen. Google kann diese Informationen an Dritte weitergeben, wenn Google gesetzlich dazu verpflichtet ist oder in dem Ma\u00dfe, in dem Dritte die Informationen im Auftrag von Google verarbeiten. Wir haben hierauf keinen Einfluss. Wir haben Google nicht gestattet, die erhaltenen Analytics-Informationen f\u00fcr andere Google-Dienste zu verwenden. Die von Google gesammelten Informationen werden so weit wie m\u00f6glich anonymisiert. Ihre IP-Adresse ist ausdr\u00fccklich nicht enthalten.     <\/p>\n<p><strong>Cookies<\/strong><\/p>\n<p>Wir verwenden einige Cookies auf dieser Website.<\/p>\n<p><strong>Option f\u00fcr soziale Netzwerke<\/strong><\/p>\n<p>Unsere Website enth\u00e4lt Schaltfl\u00e4chen zum Bewerben (\u201eGef\u00e4llt mir\u201c) oder Teilen (\u201eTweeten\u201c) von Webseiten in sozialen Netzwerken wie Facebook, Twitter, Google+ und LinkedIn. Diese Schaltfl\u00e4chen funktionieren mit Hilfe von Code, der von Facebook und Twitter bzw. LinkedIn stammt. Mit Hilfe dieses Codes werden Cookies gesetzt. Wir haben hierauf keinen Einfluss. Lesen Sie die Datenschutzerkl\u00e4rungen von Facebook, Twitter, Google und LinkedIn (die sich regelm\u00e4\u00dfig \u00e4ndern k\u00f6nnen), um zu erfahren, was sie mit Ihren (pers\u00f6nlichen) Daten machen, die sie \u00fcber diese Cookies verarbeiten.    <\/p>\n<p><strong>Newsletter<\/strong><\/p>\n<p>In regelm\u00e4\u00dfigen Abst\u00e4nden versenden wir einen digitalen Newsletter per E-Mail an unsere Besucher und an Interessenten. Wir senden diesen Newsletter nur an Personen, die angegeben haben, dass sie ihn erhalten m\u00f6chten. In jedem Newsletter befindet sich ein Link zum Abbestellen des Newsletters, so dass der Empf\u00e4nger den Newsletter direkt abbestellen kann. Wir verwenden die Abonnentendatei nur f\u00fcr den Versand des Mailings.   <\/p>\n<p><strong>Aufbewahrungsfrist und Kontrolle der Daten<\/strong><\/p>\n<p>Wenn Sie Ihren Dienst bei uns beenden, werden wir einige Daten entsprechend der gesetzlichen Aufbewahrungsfrist aufbewahren. Wir l\u00f6schen Daten, die nicht mehr ben\u00f6tigt werden. Nach Ablauf der gesetzlichen Aufbewahrungsfrist vernichten wir alle Daten.  <\/p>\n<p>Sie haben das Recht, auf die Daten zuzugreifen, die wir \u00fcber Sie gespeichert haben, nachdem Sie Ihren Dienst bei uns beendet haben. Sie k\u00f6nnen einen Antrag auf Einsichtnahme, Berichtigung oder L\u00f6schung unter info@virtualoffice24.nl stellen. Um sicherzustellen, dass der Antrag auf Einsichtnahme von Ihnen gestellt wird, bitten wir Sie, dem Antrag eine Kopie Ihres Identit\u00e4tsnachweises beizulegen. Wir bitten Sie hiermit, in dieser Kopie Ihr Passfoto und Ihre B\u00fcrgerdienstnummer (BSN) zu schw\u00e4rzen. Dies dient dem Schutz Ihrer Privatsph\u00e4re. Virtual Office 24, Virtual Office Duiven und Virtual Office Tilburg werden Ihre Anfrage so schnell wie m\u00f6glich, jedoch innerhalb von vier Wochen, beantworten.     <\/p>\n<p><strong>Mit anderen teilen<\/strong><\/p>\n<p>Virtual Office 24, Virtual Office Duiven und Virtual Office Tilburg geben Daten nur und ausschlie\u00dflich dann an Dritte weiter, wenn dies f\u00fcr die Erf\u00fcllung unserer Vereinbarung mit Ihnen oder zur Erf\u00fcllung einer gesetzlichen Verpflichtung erforderlich ist.<\/p>\n<p><strong>Daten einsehen und \u00e4ndern<\/strong><\/p>\n<p>Sie haben das Recht, Zugang zu Ihren Daten und deren Korrektur oder L\u00f6schung zu verlangen. Einzelheiten hierzu finden Sie auf unserer Kontaktseite. Um Missbrauch zu verhindern, k\u00f6nnen wir Sie bitten, sich angemessen zu identifizieren. Wenn es um den Zugriff auf pers\u00f6nliche Daten geht, die mit einem Cookie verkn\u00fcpft sind, sollten Sie eine Kopie des betreffenden Cookies senden. Dies k\u00f6nnen Sie in den Einstellungen Ihres Browsers nachlesen.    <\/p>\n<p><strong>\u00c4nderungen<\/strong><\/p>\n<p>Dieser Datenschutzhinweis kann sich \u00e4ndern. Alle \u00c4nderungen werden auf dieser Seite bekannt gegeben.<\/p>\n<\/div><\/section><\/div>\n","protected":false},"excerpt":{"rendered":"","protected":false},"author":354,"featured_media":0,"parent":0,"menu_order":0,"comment_status":"closed","ping_status":"closed","template":"","meta":{"footnotes":""},"class_list":["post-10626","page","type-page","status-publish","hentry"],"yoast_head":"<!-- This site is optimized with the Yoast SEO plugin v27.4 - https:\/\/yoast.com\/product\/yoast-seo-wordpress\/ -->\n<title>Erkl\u00e4rung zum Datenschutz - welche Daten wir speichern - Virtual Office Tilburg<\/title>\n<meta name=\"description\" content=\"Datenschutzerkl\u00e4rung f\u00fcr Virtual Office. Dazu geh\u00f6rt auch, welche Daten wir von Ihnen als Kunden erfassen und wie wir sie behandeln.\" \/>\n<meta name=\"robots\" content=\"index, follow, max-snippet:-1, max-image-preview:large, max-video-preview:-1\" \/>\n<link rel=\"canonical\" href=\"https:\/\/virtualofficetilburg.nl\/de\/erklaerung-zum-datenschutz\/\" \/>\n<meta property=\"og:locale\" content=\"de_DE\" \/>\n<meta property=\"og:type\" content=\"article\" \/>\n<meta property=\"og:title\" content=\"Erkl\u00e4rung zum Datenschutz - welche Daten wir speichern - Virtual Office Tilburg\" \/>\n<meta property=\"og:description\" content=\"Datenschutzerkl\u00e4rung f\u00fcr Virtual Office. Dazu geh\u00f6rt auch, welche Daten wir von Ihnen als Kunden erfassen und wie wir sie behandeln.\" \/>\n<meta property=\"og:url\" content=\"https:\/\/virtualofficetilburg.nl\/de\/erklaerung-zum-datenschutz\/\" \/>\n<meta property=\"og:site_name\" content=\"Virtual Office Tilburg\" \/>\n<meta property=\"article:modified_time\" content=\"2025-06-19T14:10:51+00:00\" \/>\n<meta name=\"twitter:card\" content=\"summary_large_image\" \/>\n<meta name=\"twitter:site\" content=\"@vo24NL\" \/>\n<meta name=\"twitter:label1\" content=\"Gesch\u00e4tzte Lesezeit\" \/>\n\t<meta name=\"twitter:data1\" content=\"7\u00a0Minuten\" \/>\n<script type=\"application\/ld+json\" class=\"yoast-schema-graph\">{\"@context\":\"https:\\\/\\\/schema.org\",\"@graph\":[{\"@type\":\"WebPage\",\"@id\":\"https:\\\/\\\/virtualofficetilburg.nl\\\/de\\\/erklaerung-zum-datenschutz\\\/\",\"url\":\"https:\\\/\\\/virtualofficetilburg.nl\\\/de\\\/erklaerung-zum-datenschutz\\\/\",\"name\":\"Erkl\u00e4rung zum Datenschutz - welche Daten wir speichern - Virtual Office Tilburg\",\"isPartOf\":{\"@id\":\"https:\\\/\\\/virtualofficetilburg.nl\\\/de\\\/#website\"},\"datePublished\":\"2024-06-18T10:37:12+00:00\",\"dateModified\":\"2025-06-19T14:10:51+00:00\",\"description\":\"Datenschutzerkl\u00e4rung f\u00fcr Virtual Office. Dazu geh\u00f6rt auch, welche Daten wir von Ihnen als Kunden erfassen und wie wir sie behandeln.\",\"breadcrumb\":{\"@id\":\"https:\\\/\\\/virtualofficetilburg.nl\\\/de\\\/erklaerung-zum-datenschutz\\\/#breadcrumb\"},\"inLanguage\":\"de\",\"potentialAction\":[{\"@type\":\"ReadAction\",\"target\":[\"https:\\\/\\\/virtualofficetilburg.nl\\\/de\\\/erklaerung-zum-datenschutz\\\/\"]}]},{\"@type\":\"BreadcrumbList\",\"@id\":\"https:\\\/\\\/virtualofficetilburg.nl\\\/de\\\/erklaerung-zum-datenschutz\\\/#breadcrumb\",\"itemListElement\":[{\"@type\":\"ListItem\",\"position\":1,\"name\":\"Home\",\"item\":\"https:\\\/\\\/virtualofficetilburg.nl\\\/de\\\/\"},{\"@type\":\"ListItem\",\"position\":2,\"name\":\"Erkl\u00e4rung zum Datenschutz\"}]},{\"@type\":\"WebSite\",\"@id\":\"https:\\\/\\\/virtualofficetilburg.nl\\\/de\\\/#website\",\"url\":\"https:\\\/\\\/virtualofficetilburg.nl\\\/de\\\/\",\"name\":\"Virtual Office Duiven\",\"description\":\"Een erkend KvK inschrijfadres op een toplocatie in Nederland! Vanaf slechts &euro; 49,95 per maand! Veel bedrijven gingen u al voor!\",\"publisher\":{\"@id\":\"https:\\\/\\\/virtualofficetilburg.nl\\\/de\\\/#organization\"},\"potentialAction\":[{\"@type\":\"SearchAction\",\"target\":{\"@type\":\"EntryPoint\",\"urlTemplate\":\"https:\\\/\\\/virtualofficetilburg.nl\\\/de\\\/?s={search_term_string}\"},\"query-input\":{\"@type\":\"PropertyValueSpecification\",\"valueRequired\":true,\"valueName\":\"search_term_string\"}}],\"inLanguage\":\"de\"},{\"@type\":\"Organization\",\"@id\":\"https:\\\/\\\/virtualofficetilburg.nl\\\/de\\\/#organization\",\"name\":\"virtualkantoor24\",\"url\":\"https:\\\/\\\/virtualofficetilburg.nl\\\/de\\\/\",\"logo\":{\"@type\":\"ImageObject\",\"inLanguage\":\"de\",\"@id\":\"https:\\\/\\\/virtualofficetilburg.nl\\\/de\\\/#\\\/schema\\\/logo\\\/image\\\/\",\"url\":\"https:\\\/\\\/virtualofficetilburg.nl\\\/wp-content\\\/uploads\\\/2018\\\/10\\\/Logo-vk24-500.png\",\"contentUrl\":\"https:\\\/\\\/virtualofficetilburg.nl\\\/wp-content\\\/uploads\\\/2018\\\/10\\\/Logo-vk24-500.png\",\"width\":1400,\"height\":500,\"caption\":\"virtualkantoor24\"},\"image\":{\"@id\":\"https:\\\/\\\/virtualofficetilburg.nl\\\/de\\\/#\\\/schema\\\/logo\\\/image\\\/\"},\"sameAs\":[\"https:\\\/\\\/x.com\\\/vo24NL\",\"https:\\\/\\\/www.linkedin.com\\\/company\\\/10783740\"]}]}<\/script>\n<!-- \/ Yoast SEO plugin. -->","yoast_head_json":{"title":"Erkl\u00e4rung zum Datenschutz - welche Daten wir speichern - Virtual Office Tilburg","description":"Datenschutzerkl\u00e4rung f\u00fcr Virtual Office. Dazu geh\u00f6rt auch, welche Daten wir von Ihnen als Kunden erfassen und wie wir sie behandeln.","robots":{"index":"index","follow":"follow","max-snippet":"max-snippet:-1","max-image-preview":"max-image-preview:large","max-video-preview":"max-video-preview:-1"},"canonical":"https:\/\/virtualofficetilburg.nl\/de\/erklaerung-zum-datenschutz\/","og_locale":"de_DE","og_type":"article","og_title":"Erkl\u00e4rung zum Datenschutz - welche Daten wir speichern - Virtual Office Tilburg","og_description":"Datenschutzerkl\u00e4rung f\u00fcr Virtual Office. Dazu geh\u00f6rt auch, welche Daten wir von Ihnen als Kunden erfassen und wie wir sie behandeln.","og_url":"https:\/\/virtualofficetilburg.nl\/de\/erklaerung-zum-datenschutz\/","og_site_name":"Virtual Office Tilburg","article_modified_time":"2025-06-19T14:10:51+00:00","twitter_card":"summary_large_image","twitter_site":"@vo24NL","twitter_misc":{"Gesch\u00e4tzte Lesezeit":"7\u00a0Minuten"},"schema":{"@context":"https:\/\/schema.org","@graph":[{"@type":"WebPage","@id":"https:\/\/virtualofficetilburg.nl\/de\/erklaerung-zum-datenschutz\/","url":"https:\/\/virtualofficetilburg.nl\/de\/erklaerung-zum-datenschutz\/","name":"Erkl\u00e4rung zum Datenschutz - welche Daten wir speichern - Virtual Office Tilburg","isPartOf":{"@id":"https:\/\/virtualofficetilburg.nl\/de\/#website"},"datePublished":"2024-06-18T10:37:12+00:00","dateModified":"2025-06-19T14:10:51+00:00","description":"Datenschutzerkl\u00e4rung f\u00fcr Virtual Office. Dazu geh\u00f6rt auch, welche Daten wir von Ihnen als Kunden erfassen und wie wir sie behandeln.","breadcrumb":{"@id":"https:\/\/virtualofficetilburg.nl\/de\/erklaerung-zum-datenschutz\/#breadcrumb"},"inLanguage":"de","potentialAction":[{"@type":"ReadAction","target":["https:\/\/virtualofficetilburg.nl\/de\/erklaerung-zum-datenschutz\/"]}]},{"@type":"BreadcrumbList","@id":"https:\/\/virtualofficetilburg.nl\/de\/erklaerung-zum-datenschutz\/#breadcrumb","itemListElement":[{"@type":"ListItem","position":1,"name":"Home","item":"https:\/\/virtualofficetilburg.nl\/de\/"},{"@type":"ListItem","position":2,"name":"Erkl\u00e4rung zum Datenschutz"}]},{"@type":"WebSite","@id":"https:\/\/virtualofficetilburg.nl\/de\/#website","url":"https:\/\/virtualofficetilburg.nl\/de\/","name":"Virtual Office Duiven","description":"Een erkend KvK inschrijfadres op een toplocatie in Nederland! Vanaf slechts &euro; 49,95 per maand! Veel bedrijven gingen u al voor!","publisher":{"@id":"https:\/\/virtualofficetilburg.nl\/de\/#organization"},"potentialAction":[{"@type":"SearchAction","target":{"@type":"EntryPoint","urlTemplate":"https:\/\/virtualofficetilburg.nl\/de\/?s={search_term_string}"},"query-input":{"@type":"PropertyValueSpecification","valueRequired":true,"valueName":"search_term_string"}}],"inLanguage":"de"},{"@type":"Organization","@id":"https:\/\/virtualofficetilburg.nl\/de\/#organization","name":"virtualkantoor24","url":"https:\/\/virtualofficetilburg.nl\/de\/","logo":{"@type":"ImageObject","inLanguage":"de","@id":"https:\/\/virtualofficetilburg.nl\/de\/#\/schema\/logo\/image\/","url":"https:\/\/virtualofficetilburg.nl\/wp-content\/uploads\/2018\/10\/Logo-vk24-500.png","contentUrl":"https:\/\/virtualofficetilburg.nl\/wp-content\/uploads\/2018\/10\/Logo-vk24-500.png","width":1400,"height":500,"caption":"virtualkantoor24"},"image":{"@id":"https:\/\/virtualofficetilburg.nl\/de\/#\/schema\/logo\/image\/"},"sameAs":["https:\/\/x.com\/vo24NL","https:\/\/www.linkedin.com\/company\/10783740"]}]}},"_links":{"self":[{"href":"https:\/\/virtualofficetilburg.nl\/de\/wp-json\/wp\/v2\/pages\/10626","targetHints":{"allow":["GET"]}}],"collection":[{"href":"https:\/\/virtualofficetilburg.nl\/de\/wp-json\/wp\/v2\/pages"}],"about":[{"href":"https:\/\/virtualofficetilburg.nl\/de\/wp-json\/wp\/v2\/types\/page"}],"author":[{"embeddable":true,"href":"https:\/\/virtualofficetilburg.nl\/de\/wp-json\/wp\/v2\/users\/354"}],"replies":[{"embeddable":true,"href":"https:\/\/virtualofficetilburg.nl\/de\/wp-json\/wp\/v2\/comments?post=10626"}],"version-history":[{"count":5,"href":"https:\/\/virtualofficetilburg.nl\/de\/wp-json\/wp\/v2\/pages\/10626\/revisions"}],"predecessor-version":[{"id":10831,"href":"https:\/\/virtualofficetilburg.nl\/de\/wp-json\/wp\/v2\/pages\/10626\/revisions\/10831"}],"wp:attachment":[{"href":"https:\/\/virtualofficetilburg.nl\/de\/wp-json\/wp\/v2\/media?parent=10626"}],"curies":[{"name":"wp","href":"https:\/\/api.w.org\/{rel}","templated":true}]}}